{"id":83,"date":"2016-10-23T16:26:06","date_gmt":"2016-10-23T14:26:06","guid":{"rendered":"http:\/\/epistemicviolence.aau.at\/?page_id=83"},"modified":"2019-04-08T13:40:49","modified_gmt":"2019-04-08T11:40:49","slug":"links","status":"publish","type":"page","link":"https:\/\/epistemicviolence.aau.at\/index.php\/de\/links\/","title":{"rendered":"Links"},"content":{"rendered":"<p><strong>Institute\u00a0<\/strong><\/p>\n<p><a href=\"https:\/\/www.uni-koblenz-landau.de\/de\/friedensakademie\" target=\"_blank\">Friedensakademie Rheinland-Pfalz<\/a><\/p>\n<p><a href=\"http:\/\/www.friedensbuero-graz.at\/\" target=\"_blank\">Friedensb\u00fcro Graz<\/a><\/p>\n<p><a href=\"http:\/\/www.friedensbuero.at\/\" target=\"_blank\">Friedensb\u00fcro Salzburg<\/a><\/p>\n<p><a href=\"http:\/\/www.glokal.org\/\" target=\"_blank\">Glokal &#8211; Verein f\u00fcr machtkritische Bildung und Beratung<\/a><\/p>\n<p><a href=\"http:\/\/www.imi-online.de\/uber-imi\/wir-uber-uns\/\" target=\"_blank\">Informationsstelle Militarisierung e.V. (IMI)\u00a0<\/a><\/p>\n<p><a href=\"https:\/\/ie.univie.ac.at\/\" target=\"_blank\">Institut f\u00fcr Internationale Entwicklung, Universit\u00e4t Wien<\/a><\/p>\n<p><a href=\"https:\/\/politikwissenschaft.univie.ac.at\/\" target=\"_blank\">Institut f\u00fcr Politikwissenschaft, Universit\u00e4t Wien\u00a0<\/a><\/p>\n<p><a href=\"http:\/\/www.philso.uni-augsburg.de\/de\/lehrstuehle\/politik\/politik1\/\" target=\"_blank\">Lehrstuhl f\u00fcr Politikwissenschaft, Friedens- und Konfliktforschung, Universit\u00e4t Augsburg<\/a><\/p>\n<p><a href=\"http:\/\/www.aspr.friedensburg.at\/\" target=\"_blank\">\u00d6sterreichisches Studienzentrum f\u00fcr Frieden und Konfliktl\u00f6sung (\u00d6SFK)\u00a0<\/a><\/p>\n<p><a href=\"http:\/\/www.uni-klu.ac.at\/frieden\/inhalt\/1.htm\" target=\"_blank\">Zentrum f\u00fcr Friedensforschung und Friedensbildung (ZFF), Alpen-Adria-Universit\u00e4t Klagenfurt (AAU)\u00a0<\/a><\/p>\n<p><a href=\"https:\/\/www.gender.hu-berlin.de\/\" target=\"_blank\">Zentrum f\u00fcr Transdisziplin\u00e4re Geschlechterstudien, Humboldt-Universit\u00e4t zu Berlin\u00a0<\/a><\/p>\n<p>&nbsp;<\/p>\n<p><strong>Netzwerke<\/strong><\/p>\n<p><a href=\"http:\/\/www.afk-web.de\/afk-home.html\" target=\"_blank\">Arbeitsgemeinschaft f\u00fcr Friedens- und Konfliktforschung e.V. (AFK)\u00a0<\/a><\/p>\n<p><a href=\"http:\/\/www.afk-web.de\/arbeitskreise\/arbeitskreis-herrschaftskritische-friedensforschung.html\" target=\"_blank\">Arbeitskreis Herrschaftskritische Friedens- und Konfliktforschung der Arbeitsgemeinschaft f\u00fcr Friedens- und Konfliktforschung (AFK)\u00a0<\/a><\/p>\n<p><a href=\"http:\/\/www.politik-und-geschlecht.de\/\" target=\"_blank\">Arbeitskreis Politik und Geschlecht in der Deutschen Vereinigung f\u00fcr Politikwissenschaft (DVPW)\u00a0<\/a><\/p>\n<p><a href=\"https:\/\/cpdbisa.wordpress.com\/\" target=\"_blank\">Colonial\/Postcolonial\/Decolonial Working Group, British International Studies Association (BISA)\u00a0<\/a><\/p>\n<p><a href=\"http:\/\/decolonialityeurope.wixsite.com\/decoloniality\" target=\"_blank\">Decoloniality Europe<\/a><\/p>\n<p><a href=\"http:\/\/zivilklausel.de\/\" target=\"_blank\">Initiative Hochschulen f\u00fcr den Frieden \u2013 Ja zur Zivilklausel<\/a><\/p>\n<p><a href=\"https:\/\/www.vfw.or.at\/\" target=\"_blank\">Verband feministischer Wissenschaftler*innen (VFW)\u00a0<\/a><\/p>\n<p>&nbsp;<\/p>\n<p><strong>Lekt\u00fcren <\/strong><\/p>\n<p><a href=\"http:\/\/www.femina-politica.de\/\" target=\"_blank\">Femina Politica. Zeitschrift f\u00fcr Femininstische Politikwissenschaft <\/a><\/p>\n<p><a href=\"http:\/\/www.tandfonline.com\/toc\/rfjp20\/18\/2?nav=tocList\" target=\"_blank\">International Feminist Journal of Politics <\/a><\/p>\n<p><a href=\"http:\/\/www.uni-klu.ac.at\/frieden\/inhalt\/581.htm\" target=\"_blank\">Jahrb\u00fccher Friedenskultur des Zentrums f\u00fcr Friedensforschung und Friedensp\u00e4dagogik<\/a><\/p>\n<p><a href=\"http:\/\/resistance-journal.org\/\" target=\"_blank\">Journal of Resistance Studies<\/a><\/p>\n<p><a href=\"http:\/\/peacestudiesjournal.org\/\" target=\"_blank\">Peace Studies Journal <\/a><\/p>\n<p><a href=\"http:\/\/www.wissenschaft-und-frieden.de\/\" target=\"_blank\">Wissenschaft &amp; Frieden<\/a><\/p>\n<p><a href=\"http:\/\/www.zefko.nomos.de\/\" target=\"_blank\">Zeitschrift f\u00fcr Friedens- und Konfliktforschung (ZeFKo) <\/a><\/p>\n","protected":false},"excerpt":{"rendered":"<p>Institute\u00a0 Friedensakademie Rheinland-Pfalz Friedensb\u00fcro Graz Friedensb\u00fcro Salzburg Glokal &#8211; Verein f\u00fcr machtkritische Bildung und Beratung Informationsstelle Militarisierung e.V. (IMI)\u00a0 Institut f\u00fcr Internationale Entwicklung, Universit\u00e4t Wien Institut f\u00fcr Politikwissenschaft, Universit\u00e4t Wien\u00a0 Lehrstuhl f\u00fcr Politikwissenschaft, Friedens- und Konfliktforschung, Universit\u00e4t Augsburg \u00d6sterreichisches Studienzentrum f\u00fcr Frieden und Konfliktl\u00f6sung (\u00d6SFK)\u00a0 Zentrum f\u00fcr Friedensforschung und Friedensbildung (ZFF), Alpen-Adria-Universit\u00e4t Klagenfurt (AAU)\u00a0 Zentrum [&hellip;]<\/p>\n","protected":false},"author":1,"featured_media":0,"parent":0,"menu_order":0,"comment_status":"closed","ping_status":"closed","template":"","meta":[],"aioseo_notices":[],"_links":{"self":[{"href":"https:\/\/epistemicviolence.aau.at\/index.php\/wp-json\/wp\/v2\/pages\/83"}],"collection":[{"href":"https:\/\/epistemicviolence.aau.at\/index.php\/wp-json\/wp\/v2\/pages"}],"about":[{"href":"https:\/\/epistemicviolence.aau.at\/index.php\/wp-json\/wp\/v2\/types\/page"}],"author":[{"embeddable":true,"href":"https:\/\/epistemicviolence.aau.at\/index.php\/wp-json\/wp\/v2\/users\/1"}],"replies":[{"embeddable":true,"href":"https:\/\/epistemicviolence.aau.at\/index.php\/wp-json\/wp\/v2\/comments?post=83"}],"version-history":[{"count":11,"href":"https:\/\/epistemicviolence.aau.at\/index.php\/wp-json\/wp\/v2\/pages\/83\/revisions"}],"predecessor-version":[{"id":671,"href":"https:\/\/epistemicviolence.aau.at\/index.php\/wp-json\/wp\/v2\/pages\/83\/revisions\/671"}],"wp:attachment":[{"href":"https:\/\/epistemicviolence.aau.at\/index.php\/wp-json\/wp\/v2\/media?parent=83"}],"curies":[{"name":"wp","href":"https:\/\/api.w.org\/{rel}","templated":true}]}}