{"id":802,"date":"2020-08-06T12:15:41","date_gmt":"2020-08-06T10:15:41","guid":{"rendered":"http:\/\/epistemicviolence.aau.at\/?page_id=802"},"modified":"2025-01-14T10:33:44","modified_gmt":"2025-01-14T09:33:44","slug":"mediathek","status":"publish","type":"page","link":"https:\/\/epistemicviolence.aau.at\/index.php\/de\/mediathek\/","title":{"rendered":"Mediathek"},"content":{"rendered":"\n<p><a href=\"https:\/\/www.deutschlandfunknova.de\/beitrag\/epistemische-gewalt-die-vernichtung-von-wissen\" target=\"_blank\" rel=\"noopener\" title=\"\">Die Vernichtung von Wissen. Von epistemischer Gewalt zum Epistemizid<\/a>, Vortrag im Wissenschafts-Podcast &#8216;H\u00f6rsaal&#8217; von Deutschlandfunk Nova (Dezember 2023)<\/p>\n\n\n\n<p><a href=\"https:\/\/www.youtube.com\/watch?v=USO121P_Z4A\" target=\"_blank\" rel=\"noopener\" title=\"\">Epistemische Gewalt, Claudia Brunner im Interview mit Lukas Kiemele<\/a> im Podcast &#8216;Narabo &#8211; Philosophie im 21. Jahrhundert&#8217; (Dezember 2023)<\/p>\n\n\n\n<p><a href=\"https:\/\/kinderzeitung.kleinezeitung.at\/warum-gibt-es-eigentlich-krieg\/\" target=\"_blank\" rel=\"noopener\" title=\"\">Warum gibt es eigentlich Krieg?<\/a> Claudia Brunner in der Kinderausgabe der Kleinen Zeitung (Oktober 2023)<\/p>\n\n\n\n<p>Frau Macht Frieden. Potenziale und Herausforderungen feministischer Au\u00dfenpolitik, Claudia&nbsp;Brunner&nbsp;und Jessica Gr\u00fcn im Gespr\u00e4ch mit Stephanie Fenkart im Video-Podcast-Interview&nbsp;<a href=\"https:\/\/www.iipvienna.com\/podcast-peace-matters\" target=\"_blank\" rel=\"noreferrer noopener\">Peace Matters<\/a>&nbsp;des International Institute for Peace (Wien) (Mai 2023)<\/p>\n\n\n<p>&nbsp;<\/p>\n\n\n\n<figure class=\"wp-block-embed is-type-wp-embed is-provider-cba-cultural-broadcasting-archive wp-block-embed-cba-cultural-broadcasting-archive\"><div class=\"wp-block-embed__wrapper\">\n<blockquote class=\"wp-embedded-content\" data-secret=\"y0ELmH86RI\"><a href=\"https:\/\/cba.media\/620820\">Aktuelle Debatten zu Frieden und Konflikt<\/a><\/blockquote><iframe class=\"wp-embedded-content\" sandbox=\"allow-scripts\" security=\"restricted\" style=\"position: absolute; clip: rect(1px, 1px, 1px, 1px);\" title=\"&#8222;Aktuelle Debatten zu Frieden und Konflikt&#8220; &#8212; cba - cultural broadcasting archive\" src=\"https:\/\/cba.media\/620820\/embed#?secret=psLva5madx#?secret=y0ELmH86RI\" data-secret=\"y0ELmH86RI\" width=\"600\" height=\"338\" frameborder=\"0\" marginwidth=\"0\" marginheight=\"0\" scrolling=\"no\"><\/iframe>\n<\/div><\/figure>\n\n\n\n<p>Aktuelle Debatten zu Frieden und Konflikt. Claudia&nbsp;Brunner&nbsp;(und Kolleg*innen) im Interview mit Andrea Hiller auf&nbsp;<a href=\"https:\/\/cba.fro.at\/620820\" target=\"_blank\" rel=\"noreferrer noopener\">WUK Radio<\/a>, Radio Orange 94.0, \u00fcber Krieg und Frieden, Militarisierung und Antimilitarismus (Mai 2023)<\/p>\n\n\n<p>&nbsp;<\/p>\n\n\n\n<figure class=\"wp-block-embed is-type-video is-provider-youtube wp-block-embed-youtube wp-embed-aspect-16-9 wp-has-aspect-ratio\"><div class=\"wp-block-embed__wrapper\">\n<iframe loading=\"lazy\" title=\"Claudia Brunner - Epistemische Gewalt, (De)Kolonialit\u00e4t und Kritische Friedensforschung\" width=\"665\" height=\"374\" src=\"https:\/\/www.youtube.com\/embed\/TRIDAk24ick?feature=oembed\" frameborder=\"0\" allow=\"accelerometer; autoplay; clipboard-write; encrypted-media; gyroscope; picture-in-picture; web-share\" referrerpolicy=\"strict-origin-when-cross-origin\" allowfullscreen><\/iframe>\n<\/div><figcaption>Claudia&nbsp;Brunner im ausf\u00fchrlichen&nbsp;<a href=\"https:\/\/www.youtube.com\/watch?v=TRIDAk24ick\" target=\"_blank\" rel=\"noreferrer noopener\">Video-Interview<\/a>&nbsp;mit Josef M\u00fchlbauer \u00fcber epistemische Gewalt, (De)Kolonialit\u00e4t und Kritische Friedensforschung und (November 2022)<\/figcaption><\/figure>\n\n\n<p>&nbsp;<\/p>\n\n\n\n<figure class=\"wp-block-embed is-type-wp-embed is-provider-streamdiver wp-block-embed-streamdiver\"><div class=\"wp-block-embed__wrapper\">\n<iframe class=\"wp-embedded-content\" sandbox=\"allow-scripts\" security=\"restricted\" title=\"(Ohn-)Macht der Demokratie - K\u00e4rntner Gespr\u00e4che zur demokratiepolitischen Bildung 2022\" width='665' height='374' frameborder='0' src='https:\/\/base.streamdiver.com\/e\/akkaernten\/project\/40f0f6f6-3137-4bcb-a69c-f150d2682a38?useMutedAutoplay=false#?secret=pJZurBEK2Z' data-secret='pJZurBEK2Z'><\/iframe>\n<\/div><figcaption>Claudia&nbsp;Brunner bei den&nbsp;<a href=\"https:\/\/akkaernten.streamdiver.com\/ohn-macht-der-demokratie-kaerntner-gespraeche-zur-demokratiepolitischen-bildung-2022\/228\/\" target=\"_blank\" rel=\"noreferrer noopener\">K\u00e4rntner Gespr\u00e4chen zur demokratiepolitischen Bildung<\/a>&nbsp;zum Thema \u201a(Ohn)Macht der Demokratie\u2018, Klagenfurt (Oktober 2022)<\/figcaption><\/figure>\n\n\n<p>&nbsp;<\/p>\n\n\n\n<p><a href=\"http:\/\/epistemicviolence.aau.at\/wp-content\/uploads\/2022\/11\/ooen-dossier-frieden-aber-wie-011022.pdf\"><img src=\"http:\/\/epistemicviolence.aau.at\/wp-content\/uploads\/2022\/11\/Frieden-ja-klar-aber-wie-e1669711409656.png\" align=\"right\"><\/a>Claudia Brunner und Thomas Roithner im Schwerpunkt \u201aFrieden ja klar, aber wie?\u2018 von Klaus Buttinger, \u00d6ber\u00f6sterreichische Nachrichten (Oktober 2022)<\/p>\n\n\n<p>&nbsp;<\/p>\n<p>&nbsp;<\/p>\n\n\n<p>&nbsp;<\/p>\n\n\n<p>&nbsp;<\/p>\n\n\n\n<p>Claudia&nbsp;Brunner, Helmut Krieger, Thomas Roithner und Maximilian Lakitsch im Gespr\u00e4ch mit Johannes Gelich f\u00fcr das \u00d61-Radiokolleg zum Thema \u201eZeitenwende \u2013 das Ende der Selbstverst\u00e4ndlichkeiten\u201c,&nbsp;<a href=\"https:\/\/oe1.orf.at\/programm\/20220929\/693909\/Militarisierung-statt-Pazifismus\" target=\"_blank\" rel=\"noreferrer noopener\">Folge 4 \u201eMilitarisierung statt Pazifismus\u201c<\/a>&nbsp;(September 2022)<\/p>\n\n\n<p>&nbsp;<\/p>\n\n\n\n<p>Claudia&nbsp;Brunner im Interview mit Cora Bie\u00df zur Frage nach Gewalt und Gewaltfreiheit an Schulen. Ein Beitrag des&nbsp;<a href=\"https:\/\/berghof-foundation.org\/work\/projects\/start-friedensbildung\" target=\"_blank\" rel=\"noreferrer noopener\">Friedensbildungs-Podcasts \u201aFriedensstark\u2018<\/a>&nbsp;der Berghof-Foundation in T\u00fcbingen (September 2021).<\/p>\n\n\n<p>&nbsp;<\/p>\n\n\n\n<figure class=\"wp-block-audio\"><audio controls src=\"http:\/\/epistemicviolence.aau.at\/wp-content\/uploads\/2022\/02\/forschungsquartettepistemische-gewalt.mp3\"><\/audio><figcaption>Forschungsquartett im Wissenschaftspodcast&nbsp;<a href=\"https:\/\/detektor.fm\/wissen\/forschungsquartett-wissensproduktion\" target=\"_blank\" rel=\"noreferrer noopener\">detektor.fm<\/a>:&nbsp;Claudia&nbsp;Brunner im Gespr\u00e4ch mit Alea Rentmeister und Amelie Berboth zur Frage: Wie h\u00e4ngen Wissenschaft und Macht zusammen, und wozu brauchen wir den Begriff epistemische Gewalt?, 16. Dezember 2021<\/figcaption><\/figure>\n\n\n<p>&nbsp;<\/p>\n\n\n\n<figure class=\"wp-block-audio\"><audio controls src=\"https:\/\/epistemicviolence.aau.at\/wp-content\/uploads\/2021\/03\/Conceptualizing-Epistemic-Violence.mp3\"><\/audio><figcaption><strong><a href=\"https:\/\/www.buzzsprout.com\/1315990\/8196471-conceptualizing-epistemic-violence\" target=\"_blank\" rel=\"noreferrer noopener\">International Politics Reviews<\/a>, Podcast: &#8220;Conceptualizing Epistemic Violence&#8221;, 23. M\u00e4rz 2021 <\/strong><\/figcaption><\/figure>\n\n\n<p>&nbsp;<\/p>\n\n\n\n<figure class=\"wp-block-embed is-type-video is-provider-youtube wp-block-embed-youtube wp-embed-aspect-16-9 wp-has-aspect-ratio\"><div class=\"wp-block-embed__wrapper\">\n<iframe loading=\"lazy\" title=\"Claudia Brunner - Wissen, Herrschaft und epistemische Gewalt in der kolonialen Moderne\" width=\"665\" height=\"374\" src=\"https:\/\/www.youtube.com\/embed\/tUHRUyfp9c4?list=PLObLMglnoC6uyQ6CO7wWSWHr-gSYi9sCl\" frameborder=\"0\" allow=\"accelerometer; autoplay; clipboard-write; encrypted-media; gyroscope; picture-in-picture; web-share\" referrerpolicy=\"strict-origin-when-cross-origin\" allowfullscreen><\/iframe>\n<\/div><figcaption><a href=\"https:\/\/www.youtube.com\/watch?v=tUHRUyfp9c4&amp;list=PLObLMglnoC6uyQ6CO7wWSWHr-gSYi9sCl&amp;index=6\" target=\"_blank\" rel=\"noreferrer noopener\">Wissen, Herrschaft und epistemische Gewalt in der kolonialen Moderne<\/a>, Vortrag im Rahmen der Online-Ringvorlesung&nbsp;<a href=\"https:\/\/stugeru.nawi.at\/ringvorlesung\/\" target=\"_blank\" rel=\"noreferrer noopener\">Die Verantwortung der Hochschulen. R\u00fcstungforschung und Perspektiven f\u00fcr eine Zukunft ohne Krieg<\/a>, Universit\u00e4t Wien, 11. November 2020<\/figcaption><\/figure>\n\n\n<p>&nbsp;<\/p>\n\n\n\n<iframe loading=\"lazy\" src=\"https:\/\/cba.fro.at\/461097\/embed?\" width=\"100%\" height=\"220\" style=\"border:none; width:100%; height:220px;\"><\/iframe>\n\n\n\n<p><strong>Epistemische Gewalt. Wissen und Herrschaft in der kolonialen Moderne<\/strong><br><\/p>\n\n\n\nFeature in der Reihe <a href=\"https:\/\/o94.at\/programm\/sendereihen\/globale_dialoge\/\" target=\"_blank\" rel=\"noopener noreferrer\">\u201awomen on air \u2013 globale Dialoge\u2018<\/a> auf Radio Orange 94,0, 28. Juli 2020<p><\/p><br><br>\n\n\n\n<iframe loading=\"lazy\" width=\"auto\" height=\"auto\" src=\"https:\/\/www.youtube.com\/embed\/wve4dRzF28U\" frameborder=\"0\" allow=\"accelerometer; autoplay; encrypted-media; gyroscope; picture-in-picture\" allowfullscreen=\"\"><\/iframe>\n\n\n<p>&nbsp;<\/p>\n\n\n\n<p><\/p>\n\n\n\n<figure><iframe loading=\"lazy\" width=\"auto\" height=\"auto\" src=\"https:\/\/www.youtube.com\/embed\/Erf4LYgE_f4\" allowfullscreen=\"\"><\/iframe><\/figure>\n\n\n\n<p><strong>Was macht eine Friedensforscherin?<\/strong><br>Interview mit Melanie Hussak,&nbsp;<a href=\"http:\/\/friedensakademie-blog.eu\/2019\/01\/17\/dr-claudia-brunner\/\" target=\"_blank\" rel=\"noreferrer noopener\">Friedensakademie Rheinland-Pfalz<\/a>, Landau, 29. November 2018<\/p><br><br>\n\n\n\n<figure><iframe loading=\"lazy\" width=\"auto\" height=\"auto\" src=\"https:\/\/www.youtube.com\/embed\/Jidf4p2bq9A\" allowfullscreen=\"\"><\/iframe><\/figure>\n\n\n\n<strong>Gewalt(freiheit) und Wissen(schaft). Herausforderungen f\u00fcr friedenspolitische Wissens- und Bildungsarbeit in der kolonialen Moderne<\/strong><br>&nbsp;<a href=\"https:\/\/www.uni-koblenz-landau.de\/de\/friedensakademie\/termine\/LPL-Brunner\/\" target=\"_blank\" rel=\"noreferrer noopener\">Landau Peace Lecture<\/a>, Universit\u00e4t Koblenz-Landau, 28. November 2018<p><\/p><br><br>\n\n\n\n<figure><iframe loading=\"lazy\" width=\"auto\" height=\"auto\" src=\"https:\/\/www.youtube.com\/embed\/QxqDJKvni9k\" allowfullscreen=\"\"><\/iframe><\/figure>\n\n\n\n<p><strong>Die Internationalisierung der Universit\u00e4ten in der globalen Geopolitik des Wissens<\/strong><br><\/p>\n\n\n\nEinf\u00fchrung Claudia Brunner, Vortrag Manuela Boatc\u0103, Respondenzen Wiebke Keim und Florian Kerschbaumer<br>\nEine Veranstaltung im Rahmen der International Lectures der Universit\u00e4t Klagenfurt, 2. Dezember 2015<p><\/p><br><br>\n\n\n\n<figure class=\"wp-block-audio\"><audio controls src=\"http:\/\/epistemicviolence.aau.at\/wp-content\/uploads\/2020\/08\/47016_Konflikt-Komplizinnen_Wissenschaft_und_kognitive_Militarisierung_Claudia_Brunner.mp3\"><\/audio><figcaption><strong>Konflikt-KomplizInnen? Wissenschaft und kognitive Militarisierung<\/strong><br>Mitschnitt von der Tagung der \u201aInformationsstelle Militarisierung e.v.\u2018 (IMI), T\u00fcbingen, 14. November 2015<br><a href=\"https:\/\/www.wueste-welle.de\/redaktion\/view\/id\/25\/tab\/weblog\/article\/47016\/IMI-Kongress_2015_%3A%3A_Wissenschaft_und_kognitive_Militarisierung.html\">Link zur Seite des Senders Freies Radio W\u00fcste Welle<\/a> <\/figcaption><\/figure>\n\n\n\n<p><\/p>\n","protected":false},"excerpt":{"rendered":"<p>Die Vernichtung von Wissen. Von epistemischer Gewalt zum Epistemizid, Vortrag im Wissenschafts-Podcast &#8216;H\u00f6rsaal&#8217; von Deutschlandfunk Nova (Dezember 2023) Epistemische Gewalt, Claudia Brunner im Interview mit Lukas Kiemele im Podcast &#8216;Narabo &#8211; Philosophie im 21. Jahrhundert&#8217; (Dezember 2023) Warum gibt es eigentlich Krieg? Claudia Brunner in der Kinderausgabe der Kleinen Zeitung (Oktober 2023) Frau Macht Frieden. [&hellip;]<\/p>\n","protected":false},"author":1,"featured_media":0,"parent":0,"menu_order":0,"comment_status":"closed","ping_status":"closed","template":"","meta":[],"aioseo_notices":[],"_links":{"self":[{"href":"https:\/\/epistemicviolence.aau.at\/index.php\/wp-json\/wp\/v2\/pages\/802"}],"collection":[{"href":"https:\/\/epistemicviolence.aau.at\/index.php\/wp-json\/wp\/v2\/pages"}],"about":[{"href":"https:\/\/epistemicviolence.aau.at\/index.php\/wp-json\/wp\/v2\/types\/page"}],"author":[{"embeddable":true,"href":"https:\/\/epistemicviolence.aau.at\/index.php\/wp-json\/wp\/v2\/users\/1"}],"replies":[{"embeddable":true,"href":"https:\/\/epistemicviolence.aau.at\/index.php\/wp-json\/wp\/v2\/comments?post=802"}],"version-history":[{"count":58,"href":"https:\/\/epistemicviolence.aau.at\/index.php\/wp-json\/wp\/v2\/pages\/802\/revisions"}],"predecessor-version":[{"id":1286,"href":"https:\/\/epistemicviolence.aau.at\/index.php\/wp-json\/wp\/v2\/pages\/802\/revisions\/1286"}],"wp:attachment":[{"href":"https:\/\/epistemicviolence.aau.at\/index.php\/wp-json\/wp\/v2\/media?parent=802"}],"curies":[{"name":"wp","href":"https:\/\/api.w.org\/{rel}","templated":true}]}}